{"id":2,"date":"2014-02-06T13:38:23","date_gmt":"2014-02-06T12:38:23","guid":{"rendered":"http:\/\/www.ktm-club.com\/wp\/?page_id=2"},"modified":"2020-12-27T13:03:35","modified_gmt":"2020-12-27T12:03:35","slug":"beispiel-seite","status":"publish","type":"page","link":"https:\/\/www.ktm-club.com\/wp\/?page_id=2","title":{"rendered":"Warum KTM-Club?"},"content":{"rendered":"\n<p class=\"has-cyan-bluish-gray-background-color has-background\">Der KTM-Club bietet eine Menge von Vorteilen und Aktivit\u00e4ten f\u00fcr seine Mitglieder: Das beginnt bei der regelm\u00e4\u00dfigen und h\u00f6chst aktuellen Zusendung des KTMagazins, das dann auch immer noch ein paar zus\u00e4tzliche Infos mitbringt.<\/p>\n\n\n\n<p class=\"has-cyan-bluish-gray-background-color has-background\">Im Magazin findet man dann auch der Clubshop, mit den Angeboten, die den Clubmitgliedern vorbehalten sind. Das liegt einfach daran, dass die Preise dort etwas g\u00fcnstiger kalkuliert sind als im freien Handel &#8211; Wenn es das im Einzelnen \u00fcberhaupt im freien Handel gibt. Das gilt nat\u00fcrlich im besonderen f\u00fcr unsere T-Shirts, Kappen usw. Oder die orginal (!) Fahrerhemden von WM- und DM-Fahrern von den Moto-Cross- und den Enduro-Werks-Teams, die es nur hier gibt. Oder wie im Januar 2006 den Orginal Aufkleberset vom Werks-Motorrad von Vize-Weltmeister Marko Tarkkala.<\/p>\n\n\n\n<p class=\"has-cyan-bluish-gray-background-color has-background\">Au\u00dferdem sind die Clubmitglieder einmal im Jahr eingeladen, sich auf einer Offroad-Strecke so richtig auszutoben: Und oder auf einer Supermoto-Strecke &#8230;<\/p>\n\n\n\n<p class=\"has-cyan-bluish-gray-background-color has-background\">Ach ja, und au\u00dferdem gibt es jedes Jahr noch ein kleines Geschenk &#8211; Etwas Anderes, als man so einfach im Laden kaufen kann, aber etwas, was ihn im Kreise der Eingeweihten durchaus als KTM-Clubmitglied ausweist.<\/p>\n\n\n\n<p class=\"has-cyan-bluish-gray-background-color has-background\">Au\u00dferdem steht der KTM-Club seinen Mitgliedern nat\u00fcrlich auch f\u00fcr die verschiedensten technischen Fragen zur Verf\u00fcgung und wer will, findet im Heft Platz f\u00fcr Meinungs\u00e4u\u00dferungen, Verkaufsangebote und Mitfahrgelegenheiten.<\/p>\n\n\n\n<p class=\"has-cyan-bluish-gray-background-color has-background\">Das all diese Vorteile nicht ganz kostenlos sein k\u00f6nnen, ist leicht verst\u00e4ndlich, doch letztlich bietet der KTM-Club mehr als seine Jahresgeb\u00fchr von gerade einmal 15,50 Euro (preisstabil seit \u00fcber 10 Jahren!).<\/p>\n\n\n\n<p class=\"has-cyan-bluish-gray-background-color has-background\">Wollt Ihr noch mehr wissen? Hier kann man sich ein Probeheft bestellen (<a href=\"mailto:mail@ktm-club.com\">mail@ktm-club.com<\/a>)&nbsp;oder per <a title=\"Bestellung KTMmagazin\" href=\"https:\/\/www.ktm-club.com\/html\/joomla\/\/index.php?option=com_mosforms&amp;Itemid=52\" target=\"_blank\" rel=\"noopener\">Formular<\/a>.<\/p>\n\n\n\n<p class=\"has-cyan-bluish-gray-background-color has-background\"><strong>Schon \u00fcberzeugt? So kann man Mitglied werden&#8230;<\/strong><\/p>\n\n\n\n<p class=\"has-cyan-bluish-gray-background-color has-background\">Um Mitglied im&nbsp;KTM-Club&nbsp;zu werden, k\u00f6nnt ihr das folgende Formular entweder online ausf\u00fcllen, dann auf eurem PC speichern&nbsp;und per Email an&nbsp;<a href=\"mailto:anmeldung@ktm-club.com\">anmeldung@ktm-club.com<\/a>&nbsp;schicken oder per Fax an die Nummer 01212-521975279 bzw. per Post im Fensterkuvert an den Club abschicken.<\/p>\n\n\n\n<p class=\"has-cyan-bluish-gray-background-color has-background\"><a href=\"https:\/\/www.ktm-club.com\/wp\/wp-content\/uploads\/2014\/02\/KTM-ClubAntrag_A4.pdf\">KTM-ClubAntrag_A4<\/a><\/p>\n","protected":false},"excerpt":{"rendered":"<p>Der KTM-Club bietet eine Menge von Vorteilen und Aktivit\u00e4ten f\u00fcr seine Mitglieder: Das beginnt bei der regelm\u00e4\u00dfigen und h\u00f6chst aktuellen Zusendung des KTMagazins, das dann auch immer noch ein paar zus\u00e4tzliche Infos mitbringt. Im Magazin findet man dann auch der Clubshop, mit den Angeboten, die den Clubmitgliedern vorbehalten sind. Das liegt einfach daran, dass die [&hellip;]<\/p>\n","protected":false},"author":1,"featured_media":22,"parent":0,"menu_order":1,"comment_status":"closed","ping_status":"closed","template":"","meta":{"_monsterinsights_skip_tracking":false,"_monsterinsights_sitenote_active":false,"_monsterinsights_sitenote_note":"","_monsterinsights_sitenote_category":0,"ngg_post_thumbnail":0,"jetpack_post_was_ever_published":false,"footnotes":""},"class_list":["post-2","page","type-page","status-publish","has-post-thumbnail","hentry"],"aioseo_notices":[],"jetpack_shortlink":"https:\/\/wp.me\/P4osiv-2","jetpack_sharing_enabled":true,"_links":{"self":[{"href":"https:\/\/www.ktm-club.com\/wp\/index.php?rest_route=\/wp\/v2\/pages\/2","targetHints":{"allow":["GET"]}}],"collection":[{"href":"https:\/\/www.ktm-club.com\/wp\/index.php?rest_route=\/wp\/v2\/pages"}],"about":[{"href":"https:\/\/www.ktm-club.com\/wp\/index.php?rest_route=\/wp\/v2\/types\/page"}],"author":[{"embeddable":true,"href":"https:\/\/www.ktm-club.com\/wp\/index.php?rest_route=\/wp\/v2\/users\/1"}],"replies":[{"embeddable":true,"href":"https:\/\/www.ktm-club.com\/wp\/index.php?rest_route=%2Fwp%2Fv2%2Fcomments&post=2"}],"version-history":[{"count":13,"href":"https:\/\/www.ktm-club.com\/wp\/index.php?rest_route=\/wp\/v2\/pages\/2\/revisions"}],"predecessor-version":[{"id":2615,"href":"https:\/\/www.ktm-club.com\/wp\/index.php?rest_route=\/wp\/v2\/pages\/2\/revisions\/2615"}],"wp:featuredmedia":[{"embeddable":true,"href":"https:\/\/www.ktm-club.com\/wp\/index.php?rest_route=\/wp\/v2\/media\/22"}],"wp:attachment":[{"href":"https:\/\/www.ktm-club.com\/wp\/index.php?rest_route=%2Fwp%2Fv2%2Fmedia&parent=2"}],"curies":[{"name":"wp","href":"https:\/\/api.w.org\/{rel}","templated":true}]}}